{"id":1051,"date":"2022-11-20T08:50:05","date_gmt":"2022-11-20T08:50:05","guid":{"rendered":"https:\/\/icfa.mini.icom.museum\/?page_id=1051"},"modified":"2022-12-02T10:19:01","modified_gmt":"2022-12-02T10:19:01","slug":"membres-du-bureau-2019-2022","status":"publish","type":"page","link":"https:\/\/icfa.mini.icom.museum\/fr\/a-propos-de-icfa\/membres-du-bureau\/membres-du-bureau-2019-2022\/","title":{"rendered":"Anciens Membres du Bureau 2019\u20132022"},"content":{"rendered":"<p><strong>Membres du Bureau<\/strong><\/p>\n<p><b>Pr\u00e9sident :<\/b><\/p>\n<p><strong>Dr. Christoph LIND<\/strong><\/p>\n<p>Directeur du Reiss-Engelhorn-Museum<\/p>\n<p>Art et Histoire, Mannheim, Allemagne<\/p>\n<p>courriel :\u00a0<a href=\"mailto:christoph.lind@mannheim.de\">christoph.lind@mannheim.de<\/a><\/p>\n<p>&nbsp;<\/p>\n<p><b>Secr\u00e9taire :<br \/>\n<\/b><\/p>\n<p><strong>Sophie HARENT<\/strong><\/p>\n<p>Conservateur en chef, directeur<\/p>\n<p>Mus\u00e9e national Magnin, Dijon, \u00a0France<\/p>\n<p>courriel :\u00a0<a href=\"mailto:sophie.harent@culture.gouv.fr\">sophie.harent@culture.gouv.fr<\/a><\/p>\n<p>&nbsp;<\/p>\n<p><b>Tr\u00e9sori\u00e8re :<\/b><\/p>\n<p><strong>Dr Anja GERDEMANN<\/strong><\/p>\n<p>Charg\u00e9e des expositions<\/p>\n<p>Galerie Stihl, Waiblingen, Allemagne<\/p>\n<p>courriel :\u00a0<a href=\"mailto:anja.gerdemann@waiblingen.de\">anja.gerdemann@waiblingen.de<\/a><\/p>\n<p>&nbsp;<\/p>\n<p><b>Membres du Conseil d\u2019administration :<\/b><\/p>\n<p><strong>Dr Galina ANDREEVA<\/strong><\/p>\n<p>Russian Decorative Arts Museum, Moscou, Russie<\/p>\n<p>e-mail :\u00a0<a href=\"mailto:newprojects@rambler.ru\">newprojects@rambler.ru<\/a><\/p>\n<p>&nbsp;<\/p>\n<p><strong>Dr Kanae AOKI<\/strong><\/p>\n<p>Conservatrice<\/p>\n<p>The Museum of Modern Art, Wakahama, Japon<\/p>\n<p>courriel :\u00a0<a href=\"mailto:aoki.momaw@gmail.com\">aoki.momaw@gmail.com<\/a><\/p>\n<p>&nbsp;<\/p>\n<p><strong>Dr Gisela BUNGARTEN<\/strong><\/p>\n<p>Directrice Adjointe<\/p>\n<p>Museumslandshaft Hessen, Kassel, Allemagne<\/p>\n<p>courriel\u00a0:\u00a0<a href=\"mailto:g.bungarten@museum-kassel.de\">g.bungarten@museum-kassel.de<\/a><\/p>\n<p>&nbsp;<\/p>\n<p><strong>Dr Kirsi ESKELINEN<\/strong><\/p>\n<p>Directrice,\u00a0 Sinebrychoff Art Museum<\/p>\n<p>Finnish National Gallery, Helsinki, Finlande<\/p>\n<p>courriel :<a href=\"mailto:kirsi.eskelinen@siff.fi\">kirsi.eskelinen@siff.fi<\/a><\/p>\n<p>&nbsp;<\/p>\n<p><strong>Nicole MOOLHUIJSEN<\/strong><\/p>\n<p>Fondazione Querini Stampalia, Venise, Italie<\/p>\n<p>courriel :\u00a0<a href=\"mailto:n.moolhui@gmail.com\">n.moolhui@gmail.com<\/a><\/p>\n<p>&nbsp;<\/p>\n<p><strong>Katia ZELLJADT<\/strong><\/p>\n<p>Consultant de mus\u00e9e<\/p>\n<p>National Endowment for the Humanities, Massachusetts, USA<\/p>\n<p>courriel :\u00a0<a href=\"mailto:zelljadt@yahoo.com\">zelljadt@yahoo.com<\/a><\/p>\n","protected":false},"excerpt":{"rendered":"<p>Membres du Bureau Pr\u00e9sident : Dr. Christoph LIND Directeur du Reiss-Engelhorn-Museum Art et Histoire, Mannheim, Allemagne courriel :\u00a0christoph.lind@mannheim.de &nbsp; Secr\u00e9taire : Sophie HARENT Conservateur en chef, directeur Mus\u00e9e national Magnin, Dijon, \u00a0France courriel :\u00a0sophie.harent@culture.gouv.fr &nbsp; Tr\u00e9sori\u00e8re : Dr Anja GERDEMANN Charg\u00e9e des expositions Galerie Stihl, Waiblingen, Allemagne courriel :\u00a0anja.gerdemann@waiblingen.de &nbsp; Membres du Conseil d\u2019administration : [&hellip;]<\/p>\n","protected":false},"author":99,"featured_media":0,"parent":168,"menu_order":0,"comment_status":"closed","ping_status":"closed","template":"","meta":{"footnotes":""},"yst_prominent_words":[124,86,421,120,401,113,538,605,402,130,388],"acf":[],"_links":{"self":[{"href":"https:\/\/icfa.mini.icom.museum\/fr\/wp-json\/wp\/v2\/pages\/1051"}],"collection":[{"href":"https:\/\/icfa.mini.icom.museum\/fr\/wp-json\/wp\/v2\/pages"}],"about":[{"href":"https:\/\/icfa.mini.icom.museum\/fr\/wp-json\/wp\/v2\/types\/page"}],"author":[{"embeddable":true,"href":"https:\/\/icfa.mini.icom.museum\/fr\/wp-json\/wp\/v2\/users\/99"}],"replies":[{"embeddable":true,"href":"https:\/\/icfa.mini.icom.museum\/fr\/wp-json\/wp\/v2\/comments?post=1051"}],"version-history":[{"count":3,"href":"https:\/\/icfa.mini.icom.museum\/fr\/wp-json\/wp\/v2\/pages\/1051\/revisions"}],"predecessor-version":[{"id":1086,"href":"https:\/\/icfa.mini.icom.museum\/fr\/wp-json\/wp\/v2\/pages\/1051\/revisions\/1086"}],"up":[{"embeddable":true,"href":"https:\/\/icfa.mini.icom.museum\/fr\/wp-json\/wp\/v2\/pages\/168"}],"wp:attachment":[{"href":"https:\/\/icfa.mini.icom.museum\/fr\/wp-json\/wp\/v2\/media?parent=1051"}],"wp:term":[{"taxonomy":"yst_prominent_words","embeddable":true,"href":"https:\/\/icfa.mini.icom.museum\/fr\/wp-json\/wp\/v2\/yst_prominent_words?post=1051"}],"curies":[{"name":"wp","href":"https:\/\/api.w.org\/{rel}","templated":true}]}}