{"id":109,"date":"2018-12-17T15:53:23","date_gmt":"2018-12-17T15:53:23","guid":{"rendered":"http:\/\/icfa.mini.icom.museum\/?page_id=109"},"modified":"2022-05-26T09:46:27","modified_gmt":"2022-05-26T09:46:27","slug":"actualites","status":"publish","type":"page","link":"https:\/\/icfa.mini.icom.museum\/fr\/actualites\/","title":{"rendered":"Actualit\u00e9s"},"content":{"rendered":"<p><strong>Lundi 22 ao\u00fbt, de 16h \u00e0 17h30 et mardi 23 ao\u00fbt 2022, de 14h30 \u00e0 16h<\/strong><\/p>\n<p><strong>Rencontres ICFA &#8211; Prague, Palais des Congr\u00e8s et en ligne<\/strong><\/p>\n<p>&nbsp;<\/p>\n<p><strong>Mardi 23 ao\u00fbt 2022<\/strong><\/p>\n<p><strong>Elections du nouveau COnseil d&#8217;administration d&#8217;ICFA &#8211; Prague, Palais des Congr\u00e8s et en ligne<\/strong><\/p>\n<p>&nbsp;<\/p>\n<p><strong>Jeudi 25 ao\u00fbt<\/strong><\/p>\n<p><strong>Journ\u00e9e de visite &#8211; Prague, palais Sternberg<\/strong><\/p>\n","protected":false},"excerpt":{"rendered":"<p>Lundi 22 ao\u00fbt, de 16h \u00e0 17h30 et mardi 23 ao\u00fbt 2022, de 14h30 \u00e0 16h Rencontres ICFA &#8211; Prague, Palais des Congr\u00e8s et en ligne &nbsp; Mardi 23 ao\u00fbt 2022 Elections du nouveau COnseil d&#8217;administration d&#8217;ICFA &#8211; Prague, Palais des Congr\u00e8s et en ligne &nbsp; Jeudi 25 ao\u00fbt Journ\u00e9e de visite &#8211; Prague, palais [&hellip;]<\/p>\n","protected":false},"author":1,"featured_media":0,"parent":0,"menu_order":0,"comment_status":"closed","ping_status":"closed","template":"tpl-post-list.php","meta":{"footnotes":""},"yst_prominent_words":[],"acf":[],"_links":{"self":[{"href":"https:\/\/icfa.mini.icom.museum\/fr\/wp-json\/wp\/v2\/pages\/109"}],"collection":[{"href":"https:\/\/icfa.mini.icom.museum\/fr\/wp-json\/wp\/v2\/pages"}],"about":[{"href":"https:\/\/icfa.mini.icom.museum\/fr\/wp-json\/wp\/v2\/types\/page"}],"author":[{"embeddable":true,"href":"https:\/\/icfa.mini.icom.museum\/fr\/wp-json\/wp\/v2\/users\/1"}],"replies":[{"embeddable":true,"href":"https:\/\/icfa.mini.icom.museum\/fr\/wp-json\/wp\/v2\/comments?post=109"}],"version-history":[{"count":3,"href":"https:\/\/icfa.mini.icom.museum\/fr\/wp-json\/wp\/v2\/pages\/109\/revisions"}],"predecessor-version":[{"id":1002,"href":"https:\/\/icfa.mini.icom.museum\/fr\/wp-json\/wp\/v2\/pages\/109\/revisions\/1002"}],"wp:attachment":[{"href":"https:\/\/icfa.mini.icom.museum\/fr\/wp-json\/wp\/v2\/media?parent=109"}],"wp:term":[{"taxonomy":"yst_prominent_words","embeddable":true,"href":"https:\/\/icfa.mini.icom.museum\/fr\/wp-json\/wp\/v2\/yst_prominent_words?post=109"}],"curies":[{"name":"wp","href":"https:\/\/api.w.org\/{rel}","templated":true}]}}