{"id":165,"date":"2019-01-04T17:15:03","date_gmt":"2019-01-04T17:15:03","guid":{"rendered":"http:\/\/icfa.icom.cust.oxymium.net\/a-propos-de-icfa\/devenir-membre\/"},"modified":"2019-08-08T15:15:11","modified_gmt":"2019-08-08T15:15:11","slug":"devenir-membre","status":"publish","type":"page","link":"https:\/\/icfa.mini.icom.museum\/fr\/a-propos-de-icfa\/devenir-membre\/","title":{"rendered":"Devenir membre"},"content":{"rendered":"<div id=\"RTE_CONTENT\"><!--TYPO3SEARCH_begin--><!--TYPO3SEARCH_end--><\/div>\n<div><\/div>\n<div>Les demandes d&#8217;adh\u00e9sion \u00e0 l&#8217;ICOM sont adress\u00e9es au Comit\u00e9 National du pays de r\u00e9sidence ou, s&#8217;il n&#8217;y en a pas, directement au Secr\u00e9tariat.<\/div>\n","protected":false},"excerpt":{"rendered":"<p>Les demandes d&#8217;adh\u00e9sion \u00e0 l&#8217;ICOM sont adress\u00e9es au Comit\u00e9 National du pays de r\u00e9sidence ou, s&#8217;il n&#8217;y en a pas, directement au Secr\u00e9tariat.<\/p>\n","protected":false},"author":1,"featured_media":0,"parent":151,"menu_order":1,"comment_status":"closed","ping_status":"closed","template":"","meta":{"footnotes":""},"yst_prominent_words":[296],"acf":[],"_links":{"self":[{"href":"https:\/\/icfa.mini.icom.museum\/fr\/wp-json\/wp\/v2\/pages\/165"}],"collection":[{"href":"https:\/\/icfa.mini.icom.museum\/fr\/wp-json\/wp\/v2\/pages"}],"about":[{"href":"https:\/\/icfa.mini.icom.museum\/fr\/wp-json\/wp\/v2\/types\/page"}],"author":[{"embeddable":true,"href":"https:\/\/icfa.mini.icom.museum\/fr\/wp-json\/wp\/v2\/users\/1"}],"replies":[{"embeddable":true,"href":"https:\/\/icfa.mini.icom.museum\/fr\/wp-json\/wp\/v2\/comments?post=165"}],"version-history":[{"count":4,"href":"https:\/\/icfa.mini.icom.museum\/fr\/wp-json\/wp\/v2\/pages\/165\/revisions"}],"predecessor-version":[{"id":678,"href":"https:\/\/icfa.mini.icom.museum\/fr\/wp-json\/wp\/v2\/pages\/165\/revisions\/678"}],"up":[{"embeddable":true,"href":"https:\/\/icfa.mini.icom.museum\/fr\/wp-json\/wp\/v2\/pages\/151"}],"wp:attachment":[{"href":"https:\/\/icfa.mini.icom.museum\/fr\/wp-json\/wp\/v2\/media?parent=165"}],"wp:term":[{"taxonomy":"yst_prominent_words","embeddable":true,"href":"https:\/\/icfa.mini.icom.museum\/fr\/wp-json\/wp\/v2\/yst_prominent_words?post=165"}],"curies":[{"name":"wp","href":"https:\/\/api.w.org\/{rel}","templated":true}]}}