{"id":459,"date":"2019-01-04T17:16:53","date_gmt":"2019-01-04T17:16:53","guid":{"rendered":"http:\/\/icfa.icom.cust.oxymium.net\/anterieures\/"},"modified":"2020-03-24T19:01:52","modified_gmt":"2020-03-24T19:01:52","slug":"anterieures","status":"publish","type":"page","link":"https:\/\/icfa.mini.icom.museum\/fr\/conferences\/anterieures\/","title":{"rendered":"Anterieures"},"content":{"rendered":"<div id=\"RTE_CONTENT\">\n<p><!--TYPO3SEARCH_begin--> <!-- CONTENT ELEMENT, uid:3550\/text [begin] --><\/p>\n<div id=\"c3550\">\n<p><!-- Text: [begin] --><\/p>\n<div id=\"RTE_CONTENT\">\n<h4><b>2019 XXV<\/b><b><sup>e<\/sup> Conf\u00e9re<img decoding=\"async\" src=\"typo3\/clear.gif\" alt=\"\" \/>nce G\u00e9n\u00e9rale de l&#8217;ICOM, Kyoto, 1-7 septembre 2019<\/b><\/h4>\n<div id=\"c3076\">\n<p>Les mus\u00e9es, plateformes culturelles : l&#8217;avenir de la tradition<\/p>\n<p><b>Session individuelle de l&#8217;ICFA, 2-3 septembre : <i>Art Occidental dans les Mus\u00e9es Asiatiques, Art Asiatique dans les Mus\u00e9es occidentaux<\/i><\/b><\/p>\n<p><a href=\"https:\/\/icfa.mini.icom.museum\/fr\/?attachment_id=689\" rel=\"attachment wp-att-689\">2019_Kyoto_ICFA_IndividualSessions<\/a><\/p>\n<p><strong>Journ\u00e9e \u00e0 Osaka le 5 septembre: Visites du Osaka City Museum of Fine Arts et du National Museum of Art<\/strong><\/p>\n<p><a href=\"https:\/\/icfa.mini.icom.museum\/fr\/?attachment_id=696\" rel=\"attachment wp-att-696\">2019_Kyoto_ICFA_OffSiteMeeti<\/a><a href=\"https:\/\/icfa.mini.icom.museum\/fr\/?attachment_id=696\" rel=\"attachment wp-att-696\">ng\u00a0\u00a0<\/a><\/p>\n<\/div>\n<\/div>\n<p><strong>Session commune ICDAD, ICFA, GLASS, 4 septembre<\/strong><\/p>\n<p><a href=\"https:\/\/icfa.mini.icom.museum\/fr\/?attachment_id=694\">2019_Kyoto_ICFA, ICDAD, GLASS 4 September Joint Session<\/a><\/p>\n<p>&nbsp;<\/p>\n<h4 class=\"navigation\"><b>2018 Madrid<\/b><\/h4>\n<p class=\"navigation\">R\u00e9union commune ICFA-ICEE<\/p>\n<p class=\"navigation\">Patrimoine culturel : Transition et Transformation<\/p>\n<p class=\"navigation\"><a title=\"TEXT, 2018 Madrid CR, 2018_Madrid_CR.pdf, 840 KB\" href=\"http:\/\/network.icom.museum\/fileadmin\/user_upload\/minisites\/icfa\/pdf\/Minutes\/2018_Madrid_CR.pdf\">Compte-rendu<\/a><\/p>\n<h4><\/h4>\n<h4><b>2017 Copenhague<\/b><\/h4>\n<p>Remaniement de salles ?! Expositions permanentes et r\u00e9serves<\/p>\n<p><a title=\"TEXT, 2017 Copenhaegen CR fr, 2017_Copenhaegen_CR_fr.pdf, 2.1 MB\" href=\"http:\/\/icfa.mini.icom.museum\/wp-content\/uploads\/sites\/55\/2019\/01\/2017_Copenhaegen_CR_fr.pdf\">Programme, Liste des participants et Compte-rendu<\/a><\/p>\n<p>&nbsp;<\/p>\n<h4><b>2016 Bassano del Grappa et Milan<\/b><\/h4>\n<p>XXIV<sup>e<\/sup> Conf\u00e9rence G\u00e9n\u00e9rale &#8211; R\u00e9union commune ICFA\/COMCOL<\/p>\n<p>Art, d\u00e9veloppement des collections et signification d&#8217;un lieu : une approche int\u00e9grale et int\u00e9gr\u00e9e des arts, du patrimoine et du d\u00e9veloppement des collections<\/p>\n<p><a title=\"TEXT, 2016 ICOMMILAN Programme Vfr, 2016__ICOMMILAN_Programme_Vfr.pdf, 568 KB\" href=\"http:\/\/icfa.mini.icom.museum\/wp-content\/uploads\/sites\/55\/2019\/01\/2016__ICOMMILAN_Programme_Vfr.pdf\">Programme<\/a><\/p>\n<p><a title=\"TEXT, 2016 ICOMMILAN CRVfr, 2016__ICOMMILAN_CRVfr.pdf, 2.1 MB\" href=\"http:\/\/icfa.mini.icom.museum\/wp-content\/uploads\/sites\/55\/2019\/01\/2016__ICOMMILAN_CRVfr.pdf\">Compte-rendu<\/a><\/p>\n<p>&nbsp;<\/p>\n<h4><b>2015 Lausanne<\/b><\/h4>\n<p>Les mus\u00e9es de Beaux-Arts \u00e0 l&#8217;\u00e8re du num\u00e9rique<\/p>\n<p><a title=\"TEXT, 2015 Lausanne CR Fr V20160207, 2015_Lausanne_CR_Fr_V20160207.pdf, 732 KB\" href=\"http:\/\/icfa.mini.icom.museum\/wp-content\/uploads\/sites\/55\/2019\/01\/2015_Lausanne_CR_Fr_V20160207.pdf\">Programme et Compte-rendu<\/a><\/p>\n<p>&nbsp;<\/p>\n<h4><b>2014 Palerme<\/b><\/h4>\n<p>Nouveaux et anciens am\u00e9nagements dans les mus\u00e9es de Beaux-Arts<\/p>\n<p><a title=\"TEXT, 2014 Palerme Programme-fr Vdef, 2014_Palerme_Programme-fr_Vdef.pdf, 32 KB\" href=\"http:\/\/icfa.mini.icom.museum\/wp-content\/uploads\/sites\/55\/2019\/01\/2014_Palerme_Programme-fr_Vdef.pdf\">Programme<\/a><\/p>\n<p><a title=\"TEXT, 2014 Palerme Delegate List, 2014_Palerme_DelegateList.pdf, 41 KB\" href=\"http:\/\/icfa.mini.icom.museum\/wp-content\/uploads\/sites\/55\/2019\/01\/2014_Palerme_DelegateList.pdf\">Liste des participants<\/a><\/p>\n<p><a title=\"TEXT, 2014 Palerme CR fr, 2014_Palerme_CR_fr.pdf, 338 KB\" href=\"http:\/\/icfa.mini.icom.museum\/wp-content\/uploads\/sites\/55\/2019\/01\/2014_Palerme_CR_fr.pdf\">Compte-rendu<\/a><\/p>\n<p>&nbsp;<\/p>\n<h4><b>2013 Rio de Janeiro<\/b><\/h4>\n<p>(XXIII<sup>e<\/sup> Conf\u00e9rence g\u00e9n\u00e9rale de l&#8217;ICOM)<\/p>\n<p>Les\u00a0mus\u00e9es comme liens entre cultures, \u00e9poques, peuples et groupes sociaux &#8211; R\u00e9union commune DEMHIST, VERRE, ICDAD et ICFA<\/p>\n<p><a title=\"TEXT, 2013 Rio CR Fr, 2013_Rio_CR_Fr.pdf, 1.4 MB\" href=\"http:\/\/icfa.mini.icom.museum\/wp-content\/uploads\/sites\/55\/2019\/01\/2013_Rio_CR_Fr.pdf\">Programme, Liste des participants\u00a0et Compte-rendu<\/a><\/p>\n<p>&nbsp;<\/p>\n<h4><b>2012 Moscou<\/b><\/h4>\n<p>Les\u00a0 mus\u00e9es : Principes de fonctionnement, gestion et d\u00e9veloppement<\/p>\n<p><a title=\"TEXT, Moscou 2012 Photos Fr, Moscou_2012_Photos_Fr.pdf, 467 KB\" href=\"http:\/\/icfa.mini.icom.museum\/wp-content\/uploads\/sites\/55\/2019\/01\/2012_Moscou_CR_fr.pdf\">Programme, Liste des participants, Compte-rendu<\/a><\/p>\n<p>&nbsp;<\/p>\n<h4><b>2011 Malte<\/b><\/h4>\n<p>La M\u00e9diterran\u00e9e, plate-forme pour les id\u00e9es artistiques<\/p>\n<p><a title=\"TEXT, 2011Malta ICFAMinutes Fr, 2011Malta_ICFAMinutes_Fr.pdf, 2.0 MB\" href=\"http:\/\/icfa.mini.icom.museum\/wp-content\/uploads\/sites\/55\/2019\/01\/2011_Malta_ICFAMinutes_Fr.pdf\">Programme et\u00a0Compte-rendu<\/a><\/p>\n<p>&nbsp;<\/p>\n<h4><b>2010 Shanghai<\/b><\/h4>\n<p>(XXIII<sup>e<\/sup> conf\u00e9rence g\u00e9n\u00e9rale de l&#8217;ICOM)<\/p>\n<p>De la route de la soie aux porte-containers : Artefacts, Environnement et Transferts culturels<\/p>\n<p>R\u00e9union commune DEMHIST, Verre, ICDAD, ICFA<\/p>\n<p><a title=\"TEXT, 2010 Shangai CR Fr, 2010_Shangai_CR_Fr.pdf, 2.3 MB\" href=\"http:\/\/icfa.mini.icom.museum\/wp-content\/uploads\/sites\/55\/2019\/01\/2010_Shangai_CR_Fr.pdf\">Programme, Compte-rendu<\/a><\/p>\n<p>&nbsp;<\/p>\n<h4><b>2010 Oxford<\/b><\/h4>\n<p>Les nouveaux mus\u00e9es : b\u00e2timents et mus\u00e9ographie au d\u00e9but du XXI<sup>e<\/sup> si\u00e8cle<\/p>\n<p><a title=\"TEXT, 2010 Oxford CR Fr, 2010_Oxford_CR_Fr.pdf, 2.9 MB\" href=\"http:\/\/icfa.mini.icom.museum\/wp-content\/uploads\/sites\/55\/2019\/01\/2010_Oxford_CR_Fr.pdf\">Programme, liste des participants et compte-rendu<\/a><\/p>\n<p>&nbsp;<\/p>\n<h4><b>2009 Rome<\/b><\/h4>\n<p>Rome et le monde : les arts \u00e0 Rome de 1860 \u00e0 1911<\/p>\n<p><a title=\"TEXT, 2009 Rome Cr fr, 2009_Rome_Cr_fr.pdf, 2.2 MB\" href=\"http:\/\/icfa.mini.icom.museum\/wp-content\/uploads\/sites\/55\/2019\/01\/2009_Rome_Cr_fr.pdf\">Programme, liste des participants et compte-rendu<\/a><\/p>\n<p>&nbsp;<\/p>\n<h4><b>2008 Ath\u00e8nes<\/b><\/h4>\n<p>La Gr\u00e8ce et le monde : \u00e9changes artistiques et influence de 1800 \u00e0 nos jours<\/p>\n<p><a title=\"TEXT, Programme 05 teliko 1 , Programme_05_teliko_1_.pdf, 0.9 MB\" href=\"http:\/\/icfa.mini.icom.museum\/wp-content\/uploads\/sites\/55\/2019\/01\/2008_Athenes_Programm.pdf\">Programme<\/a> (en anglais)<\/p>\n<p>Study Day (en anglais)<\/p>\n<p>&nbsp;<\/p>\n<h4><b>2007 Vienne<\/b><\/h4>\n<p>(XXI<sup>e<\/sup> Conf\u00e9rence g\u00e9n\u00e9rale de l&#8217;ICOM)<\/p>\n<p>Collections de Beaux-Arts\u00a0et r\u00f4le du conservateur : perspective historique et\u00a0m\u00e9thode de conservation<\/p>\n<p><b><i>Le compte-rendu de ce meeting se trouve dans la version anglaise du site<\/i><\/b><\/p>\n<p>&nbsp;<\/p>\n<h4><b>2006 Cobourg<\/b><\/h4>\n<p>Les collections de Beaux-Arts dans leur contexte historique<\/p>\n<p><a title=\"TEXT, 2006 Coburg CR, 2006_Coburg_CR.pdf, 2.1 MB\" href=\"http:\/\/icfa.mini.icom.museum\/wp-content\/uploads\/sites\/55\/2019\/01\/2006_Coburg_CR.pdf\">Programme, Liste des participants, Compte-rendu<\/a><\/p>\n<p>&nbsp;<\/p>\n<h4><b>2005 Dublin<\/b><\/h4>\n<p>Le futur des mus\u00e9es : expositions temporaires ou collections permanentes ?<\/p>\n<p><b><i>Le compte-rendu de ce meeting se trouve dans la version anglaise du site<\/i><\/b><\/p>\n<p>&nbsp;<\/p>\n<h4><b>2004 Ljubljana<\/b><\/h4>\n<p>Paysage et identit\u00e9 culturelle en ex-Yougoslavie<\/p>\n<p><a title=\"TEXT, 2004 Ljubjana Fr, 2004_Ljubjana_Fr.pdf, 0.9 MB\" href=\"http:\/\/icfa.mini.icom.museum\/wp-content\/uploads\/sites\/55\/2019\/01\/2004_Ljubjana_Fr.pdf\">Compte-rendu<\/a><\/p>\n<p>&nbsp;<\/p>\n<h4><b>2004 S\u00e9oul<\/b><\/h4>\n<p>(XX<sup>e<\/sup> Conf\u00e9rence g\u00e9n\u00e9rale de l&#8217;ICOM)<\/p>\n<p>Mus\u00e9es et patrimoine immat\u00e9riel<\/p>\n<p>&nbsp;<\/p>\n<h4><b>2003 Helsinki<\/b><\/h4>\n<p>Communaut\u00e9s d&#8217;artistes et artistes voyageurs<\/p>\n<p><a title=\"TEXT, 2003 Helsinski Fr, 2003_Helsinski_Fr.pdf, 1.2 MB\" href=\"http:\/\/icfa.mini.icom.museum\/wp-content\/uploads\/sites\/55\/2019\/01\/2003_Helsinski_Fr.pdf\">Programme et Compte-rendu<\/a><\/p>\n<p>&nbsp;<\/p>\n<h4><b>2002 New York<\/b><\/h4>\n<p>Collectionneurs priv\u00e9s et donateurs<\/p>\n<p><a title=\"TEXT, 2002 New York Fr, 2002_NewYork_Fr.pdf, 862 KB\" href=\"http:\/\/icfa.mini.icom.museum\/wp-content\/uploads\/sites\/55\/2019\/01\/2002_NewYork_Fr.pdf\">Compte-rendu<\/a><\/p>\n<p>&nbsp;<\/p>\n<h4><b>2001 Barcelone<\/b><\/h4>\n<p>(XIX<sup>e<\/sup> Conf\u00e9rence g\u00e9n\u00e9rale de l&#8217;ICOM)<\/p>\n<p>G\u00e9rer le changement : le mus\u00e9e face aux d\u00e9fis \u00e9conomiques et sociaux<\/p>\n<p><a title=\"TEXT, 2001 Barcelone Liste Delegues, 2001_Barcelone_ListeDelegues.pdf, 12.0 KB\" href=\"http:\/\/icfa.mini.icom.museum\/wp-content\/uploads\/sites\/55\/2019\/01\/2001_Barcelone_ListeDelegues.pdf\">Liste des participants<\/a><\/p>\n<p><a title=\"TEXT, 2001 Barcelone Programme Fr, 2001_Barcelone_Programme_Fr.pdf, 4.7 KB\" href=\"http:\/\/icfa.mini.icom.museum\/wp-content\/uploads\/sites\/55\/2019\/01\/2001_Barcelone_Programme_Fr.pdf\">Programme<\/a><\/p>\n<p>&nbsp;<\/p>\n<h4><b>2000 Saint<\/b><b>-P\u00e9tersbourg<\/b><\/h4>\n<p>Collectionner au XVIII<sup>e<\/sup> si\u00e8cle<\/p>\n<p><b><i>Le compte-rendu de ce meeting est dans la version anglaise du site<\/i><\/b><\/p>\n<p>&nbsp;<\/p>\n<h4><b>1999 Stockholm<\/b><\/h4>\n<p>Les collections de sculpture dans les mus\u00e9es de Beaux-Arts XVI<sup>e<\/sup>-XX<sup>e<\/sup> si\u00e8cles<\/p>\n<p><a title=\"TEXT, 1999 Stockholm Programme Fr, 1999_Stockholm_Programme_Fr.pdf, 9.4 KB\" href=\"http:\/\/icfa.mini.icom.museum\/wp-content\/uploads\/sites\/55\/2019\/01\/1999_Stockholm_Programme_Fr.pdf\">Programme<\/a><\/p>\n<p><b><i>Le compte-rendu de ce meeting se trouve dans la version anglaise du site<\/i><\/b><\/p>\n<p>&nbsp;<\/p>\n<h4><b>1998 Melbourne<\/b><\/h4>\n<p>(XVIII<sup>e<\/sup> Conf\u00e9rence g\u00e9n\u00e9rale de l&#8217;ICOM)<\/p>\n<p>&nbsp;<\/p>\n<h4><b>1997 Poznan<\/b><\/h4>\n<p>March\u00e9 de l&#8217;art et trafic illicite dans les pays d&#8217;Europe de l&#8217;Est<\/p>\n<p><a title=\"TEXT, 1997 Pologne Programme Fr, 1997_Pologne_Programme_Fr.pdf, 6.4 KB\" href=\"http:\/\/icfa.mini.icom.museum\/wp-content\/uploads\/sites\/55\/2019\/01\/1997_Pologne_Programme_Fr.pdf\">Programme<\/a><\/p>\n<p><b><i>Le compte-rendu de ce meeting se trouve dans la version anglaise du site<\/i><\/b><\/p>\n<p>&nbsp;<\/p>\n<h4><b>1996 Amsterdam<\/b><\/h4>\n<p>Nouveaux am\u00e9nagements mus\u00e9ographiques dans les mus\u00e9es des Pays-Ba<em>s<\/em><\/p>\n<p><a title=\"TEXT, 1996 Amsterdam Fr, 1996_Amsterdam_Fr.pdf, 726 KB\" href=\"http:\/\/icfa.mini.icom.museum\/wp-content\/uploads\/sites\/55\/2019\/01\/1996_Amsterdam_Fr.pdf\">Compte-rendu<\/a><\/p>\n<p>&nbsp;<\/p>\n<h4><b>1995 Nord-Pas-de-Calais<\/b><\/h4>\n<p>La r\u00e9novation des mus\u00e9es en Nord-Pas-de-Calais et en Picardie<\/p>\n<p>Liste des participants<\/p>\n<p><a title=\"TEXT, 1995 Lille Fr, 1995_Lille_Fr.pdf, 780 KB\" href=\"http:\/\/icfa.mini.icom.museum\/wp-content\/uploads\/sites\/55\/2019\/01\/1995_Lille_Fr.pdf\">Programme et compte-rendu<\/a><\/p>\n<p>&nbsp;<\/p>\n<h4><b>1994 Boston<\/b><\/h4>\n<p>Les mus\u00e9es d&#8217;universit\u00e9s<\/p>\n<p><a title=\"TEXT, 1994 Boston Fr, 1994_Boston_Fr.pdf, 325 KB\" href=\"http:\/\/icfa.mini.icom.museum\/wp-content\/uploads\/sites\/55\/2019\/01\/1994_Boston_Fr.pdf\">Compte-rendu<\/a><\/p>\n<p>&nbsp;<\/p>\n<h4><b>1993 Budapest<\/b><\/h4>\n<p>Les mus\u00e9es face aux guerres civiles \/ La notion de chef-d&#8217;\u0153uvre absolu<\/p>\n<p><a title=\"TEXT, 1993 Budapest Fr, 1993_Budapest_Fr.pdf, 783 KB\" href=\"http:\/\/icfa.mini.icom.museum\/wp-content\/uploads\/sites\/55\/2019\/01\/1993_Budapest_Fr.pdf\">Programme et Compte-rendu<\/a><\/p>\n<p>&nbsp;<\/p>\n<h4><b>1992 Qu\u00e9bec<\/b><\/h4>\n<p>(XVI<sup>e<\/sup> Conf\u00e9rence g\u00e9n\u00e9rale de l&#8217;ICOM)<\/p>\n<p>Repenser les fronti\u00e8res. Formation des collections dans les mus\u00e9es de Beaux-Arts canadiens<\/p>\n<p><a title=\"TEXT, 1992 Quebec-fr, 1992_Quebec-fr.pdf, 483 KB\" href=\"http:\/\/icfa.mini.icom.museum\/wp-content\/uploads\/sites\/55\/2019\/01\/1992_Quebec-fr.pdf\">Programme et compte-rendu<\/a><\/p>\n<p>&nbsp;<\/p>\n<h4><b>1992 Berlin<\/b><\/h4>\n<p>Regards vers l&#8217;Est de l&#8217;Europe<\/p>\n<p><b><i>Le compte-rendu de ce meeting se trouve dans la version anglaise du site<\/i><\/b><\/p>\n<p>&nbsp;<\/p>\n<h4><b>1991 Copenhague<\/b><\/h4>\n<p>Le m\u00e9c\u00e9nat\u00a0dans les mus\u00e9es<\/p>\n<p><b><i>Le compte-rendu de ce meeting est dans la version anglaise du site<\/i><\/b><\/p>\n<p>&nbsp;<\/p>\n<h4><b>1990 Florence<\/b><\/h4>\n<p>Circulation des\u00a0biens culturels et des \u0153uvres d&#8217;art\u00a0dans la Communaut\u00e9 europ\u00e9enne<\/p>\n<p><b><i>Le compte-rendu de ce meeting se trouve dans la version anglaise du site<\/i><\/b><\/p>\n<p>&nbsp;<\/p>\n<h4><b>1989 La Haye<\/b><\/h4>\n<p>(XV<sup>e<\/sup> Conf\u00e9rence g\u00e9n\u00e9rale de l&#8217;ICOM)<\/p>\n<p>Les collections de peinture dans les mus\u00e9es des Pays-Bas<\/p>\n<p><b><i>Le compte-rendu de ce meeting se trouve dans la version anglaise du site<\/i><\/b><\/p>\n<p>&nbsp;<\/p>\n<h4><b>1988 Munich<\/b><\/h4>\n<p>Le Mus\u00e9e National de Bavi\u00e8re ; les nouvelles normes documentaires (CIDOC)<\/p>\n<p><b><i>Le compte-rendu de ce meeting se trouve dans la version anglaise du site<\/i><\/b><\/p>\n<p>&nbsp;<\/p>\n<h4><b>1987 Edimbourg<\/b><\/h4>\n<p>La pr\u00e9sentation des collections de peinture et de sculpture dans les mus\u00e9es de Beaux-arts<\/p>\n<p><b><i>Le compte-rendu de ce meeting se trouve dans la version anglaise du site<\/i><\/b><\/p>\n<p>&nbsp;<\/p>\n<h4><b>1986 Buenos Aires<\/b><\/h4>\n<p>(XIV<sup>e<\/sup> Conf\u00e9rence g\u00e9n\u00e9rale de l&#8217;ICOM)<\/p>\n<p>Les mus\u00e9es de Beaux-Arts en Argentine : histoire et collections<\/p>\n<p><b><i>Le compte-rendu de ce meeting est dans la version anglaise du site<\/i><\/b><\/p>\n<p>&nbsp;<\/p>\n<h4><b>1985 Lisbonne<\/b><\/h4>\n<p><a title=\"TEXT, 1985 Lisbonne Vfr, 1985_Lisbonne_Vfr.pdf, 608 KB\" href=\"http:\/\/icfa.mini.icom.museum\/wp-content\/uploads\/sites\/55\/2019\/01\/1985_Lisbonne_Vfr.pdf\">Programme et compte-rendu<\/a><\/p>\n<p>&nbsp;<\/p>\n<h4><b>1984 Venise<\/b><\/h4>\n<p>Contr\u00f4le de l&#8217;importation et de l&#8217;exportation des \u0153uvres d&#8217;art<\/p>\n<p><a title=\"TEXT, 1984 Venise, 1984_Venise.pdf, 0.9 MB\" href=\"http:\/\/icfa.mini.icom.museum\/wp-content\/uploads\/sites\/55\/2019\/01\/1984_Venise_fr.pdf\">Programme et Compte-rendu<\/a><\/p>\n<p>&nbsp;<\/p>\n<h4><b>1983 Lille et Londres<\/b><\/h4>\n<p><a title=\"TEXT, 1983 Lille, 1983_Lille.pdf, 414 KB\" href=\"http:\/\/icfa.mini.icom.museum\/wp-content\/uploads\/sites\/55\/2019\/01\/1983_Lille.pdf\">Lille, 3-6 mars, Compte-rendu<\/a><\/p>\n<p><b>Londres, XIII<sup>e<\/sup> Conf\u00e9rence g\u00e9n\u00e9rale de l&#8217;ICOM<\/b><\/p>\n<p>Le savoir et sa transmission dans les mus\u00e9es de Beaux-Arts<\/p>\n<p><b><i>Le compte-rendu de ce meeting se trouve dans la version anglaise du site<\/i><\/b><\/p>\n<p>&nbsp;<\/p>\n<h4><b>1982 Stockholm et Amsterdam<\/b><\/h4>\n<p>Les enrichissements des collections des mus\u00e9es de Beaux-Arts<\/p>\n<p><a title=\"TEXT, 1982 Stockholm Fr, 1982_Stockholm_Fr.pdf, 3.6 MB\" href=\"http:\/\/icfa.mini.icom.museum\/wp-content\/uploads\/sites\/55\/2019\/01\/1982_Stockholm_Fr.pdf\">Stockholm, 17-21 avril, compte-rendu<\/a><\/p>\n<p>&nbsp;<\/p>\n<h4><b>1981 Manchester et\u00a0Paris<\/b><\/h4>\n<p><b>Manchester<\/b>, R\u00e9union du Bureau, 19 mai<\/p>\n<p><a title=\"TEXT, 1981 Manchester fr, 1981_Manchester_fr.pdf, 362 KB\" href=\"http:\/\/icfa.mini.icom.museum\/wp-content\/uploads\/sites\/55\/2019\/01\/1981_Manchester_fr.pdf\">Compte-rendu<\/a><\/p>\n<p><b>Paris,<\/b> 18-19 juin<\/p>\n<p>R\u00e9flexions sur le r\u00f4le et le fonctionnement de l&#8217;ICFA<\/p>\n<p><a title=\"TEXT, 1981 Paris Fr, 1981_Paris_Fr.pdf, 775 KB\" href=\"http:\/\/icfa.mini.icom.museum\/wp-content\/uploads\/sites\/55\/2019\/01\/1981_Paris_Fr.pdf\">Compte-rendu<\/a><\/p>\n<p>&nbsp;<\/p>\n<h4><b>1980 Mexico<\/b><\/h4>\n<p>(XII<sup>e<\/sup> Conf\u00e9rence g\u00e9n\u00e9rale de l&#8217;ICOM)<\/p>\n<p>Cr\u00e9ation de l&#8217;ICFA<\/p>\n<p><b><i>Documents fondateurs : Voir version anglaise du site<\/i><\/b><\/p>\n<p><b>1979-1980 : De l&#8217;IAEC (International Art Exhibitions Committee) \u00e0 l&#8217;ICFA (International Committee for the Fine Arts &#8211; avant 1900)<\/b><\/p>\n<p><b><i>Documents pr\u00e9paratoires : Voir version anglaise du site<\/i><\/b><\/p>\n<div><\/div>\n<p><!-- Text: [end] --> <!-- BEGIN: Content of extension \"hpo_relatedlink\", plugin \"tx_hporelatedlink_pi1\" --><\/p>\n<div><\/div>\n<p><!-- END: Content of extension \"hpo_relatedlink\", plugin \"tx_hporelatedlink_pi1\" --><\/p>\n<\/div>\n<p><!-- CONTENT ELEMENT, uid:3550\/text [end] --> <!--TYPO3SEARCH_end--><\/p>\n<\/div>\n","protected":false},"excerpt":{"rendered":"<p>2019 XXVe Conf\u00e9rence G\u00e9n\u00e9rale de l&#8217;ICOM, Kyoto, 1-7 septembre 2019 Les mus\u00e9es, plateformes culturelles : l&#8217;avenir de la tradition Session individuelle de l&#8217;ICFA, 2-3 septembre : Art Occidental dans les Mus\u00e9es Asiatiques, Art Asiatique dans les Mus\u00e9es occidentaux 2019_Kyoto_ICFA_IndividualSessions Journ\u00e9e \u00e0 Osaka le 5 septembre: Visites du Osaka City Museum of Fine Arts et du [&hellip;]<\/p>\n","protected":false},"author":1,"featured_media":854,"parent":564,"menu_order":0,"comment_status":"closed","ping_status":"closed","template":"","meta":{"footnotes":""},"yst_prominent_words":[429,147,428,154,152,143,426,433,423,153,144,146,133,435,427,430,425,432,424,145],"acf":[],"_links":{"self":[{"href":"https:\/\/icfa.mini.icom.museum\/fr\/wp-json\/wp\/v2\/pages\/459"}],"collection":[{"href":"https:\/\/icfa.mini.icom.museum\/fr\/wp-json\/wp\/v2\/pages"}],"about":[{"href":"https:\/\/icfa.mini.icom.museum\/fr\/wp-json\/wp\/v2\/types\/page"}],"author":[{"embeddable":true,"href":"https:\/\/icfa.mini.icom.museum\/fr\/wp-json\/wp\/v2\/users\/1"}],"replies":[{"embeddable":true,"href":"https:\/\/icfa.mini.icom.museum\/fr\/wp-json\/wp\/v2\/comments?post=459"}],"version-history":[{"count":9,"href":"https:\/\/icfa.mini.icom.museum\/fr\/wp-json\/wp\/v2\/pages\/459\/revisions"}],"predecessor-version":[{"id":857,"href":"https:\/\/icfa.mini.icom.museum\/fr\/wp-json\/wp\/v2\/pages\/459\/revisions\/857"}],"up":[{"embeddable":true,"href":"https:\/\/icfa.mini.icom.museum\/fr\/wp-json\/wp\/v2\/pages\/564"}],"wp:featuredmedia":[{"embeddable":true,"href":"https:\/\/icfa.mini.icom.museum\/fr\/wp-json\/wp\/v2\/media\/854"}],"wp:attachment":[{"href":"https:\/\/icfa.mini.icom.museum\/fr\/wp-json\/wp\/v2\/media?parent=459"}],"wp:term":[{"taxonomy":"yst_prominent_words","embeddable":true,"href":"https:\/\/icfa.mini.icom.museum\/fr\/wp-json\/wp\/v2\/yst_prominent_words?post=459"}],"curies":[{"name":"wp","href":"https:\/\/api.w.org\/{rel}","templated":true}]}}